{"id":1803,"date":"2024-04-15T22:55:52","date_gmt":"2024-04-16T01:55:52","guid":{"rendered":"https:\/\/futeboltotal.tv\/?page_id=1803"},"modified":"2024-04-16T00:06:44","modified_gmt":"2024-04-16T03:06:44","slug":"artigos","status":"publish","type":"page","link":"https:\/\/futeboltotal.tv\/index.php\/artigos\/","title":{"rendered":"Artigos"},"content":{"rendered":"\t\t<div data-elementor-type=\"wp-page\" data-elementor-id=\"1803\" class=\"elementor elementor-1803\" data-elementor-post-type=\"page\">\n\t\t\t\t<div class=\"elementor-element elementor-element-462070c e-flex e-con-boxed e-con e-parent\" data-id=\"462070c\" data-element_type=\"container\">\n\t\t\t\t\t<div class=\"e-con-inner\">\n\t\t\t\t<div class=\"elementor-element elementor-element-c66e2b1 elementor-widget elementor-widget-katen-post-five\" data-id=\"c66e2b1\" data-element_type=\"widget\" data-widget_type=\"katen-post-five.default\">\n\t\t\t\t<div class=\"elementor-widget-container\">\n\t\t\t\t\t<div class=\"padding-30 rounded bordered\">\n\n\t\t\t<div class=\"row infinite-wrapper\">\n\n\t\t\t\n\t\t\t\t<div class=\"col-md-12 col-sm-6 post-list-item post-item\">\n\t\t\t\t\t<!-- post -->\n\t\t\t\t\t<div class=\"post post-list clearfix\">\n\n\t\t\t\t\t\t<div class=\"thumb rounded\"><div class=\"inner\"><a href=\"https:\/\/futeboltotal.tv\/index.php\/2024\/03\/23\/claudio-coutinho-a-arte-de-comandar\/\"><img fetchpriority=\"high\" decoding=\"async\" width=\"330\" height=\"250\" src=\"https:\/\/futeboltotal.tv\/wp-content\/uploads\/2024\/03\/image-post-330x250.jpg\" class=\"attachment-katen-thumb-list size-katen-thumb-list wp-post-image\" alt=\"\" \/><\/a><\/div><\/div>  \n\n\t\t\t\t\t\t<div class=\"details clearfix\">\n\t\t\t\t\t\t\t<ul class=\"meta list-inline mb-3\">\n\t\t\t\t\t\t\t\t\t\t\t\t\t\t\t\t\t<li class=\"list-inline-item\">\n\t\t\t\t\t\t\t\t\t\t<img alt='' src='https:\/\/secure.gravatar.com\/avatar\/8f08d03c2a1b4a113ff2ee4017390b56?s=32&#038;d=mm&#038;r=g' srcset='https:\/\/secure.gravatar.com\/avatar\/8f08d03c2a1b4a113ff2ee4017390b56?s=64&#038;d=mm&#038;r=g 2x' class='avatar avatar-32 photo author' height='32' width='32' \/>\t\t\t\t\t\t\t\t\t\t<a href=\"https:\/\/futeboltotal.tv\/index.php\/author\/futeboltotal-tv\/\" title=\"Posts de futeboltotal.tv\" rel=\"author\">futeboltotal.tv<\/a>\t\t\t\t\t\t\t\t\t<\/li>\n\t\t\t\t\t\t\t\t\t\t\t\t\t\t\t\t\t\t<li class=\"list-inline-item\">23 mar\u00e7o 2024<\/li>\n\t\t\t\t\t\t\t\t\t\t\t\t\t\t\t<\/ul>\n\t\t\t\t\t\t\t<h5 class=\"post-title\"><a href=\"https:\/\/futeboltotal.tv\/index.php\/2024\/03\/23\/claudio-coutinho-a-arte-de-comandar\/\">Claudio Coutinho &#8211; A arte de comandar<\/a><\/h5>\n\t\t\t\t\t\t\t<p class=\"excerpt mb-0\">\n\t\t\t\t\t\t\t\tO est\u00e1dio do Ros\u00e1rio Central, o Gigante de Arroyito, \u00e9 um verdadeiro al\u00e7ap\u00e3o; lembra muito La Bombonera, o lend\u00e1rio est\u00e1dio do Boca Juniors onde a dist\u00e2ncia entre o alambrado, o gramado e as linhas do campo s\u00e3o quase inexistentes. Naquela&hellip;\t\t\t\t\t\t\t<\/p>\n\t\t\t\t\t\t\t<div class=\"post-bottom clearfix d-flex align-items-center\">\n\t\t\t\t\t\t\t\t\n    <div class=\"social-share me-auto\">\n        <button class=\"toggle-button icon-share\"><\/button>\n        <ul class=\"icons list-unstyled list-inline mb-0\">\n            <li class=\"list-inline-item\"><a href=\"https:\/\/www.facebook.com\/sharer\/sharer.php?u=https:\/\/futeboltotal.tv\/index.php\/2024\/03\/23\/claudio-coutinho-a-arte-de-comandar\/\" target=\"_blank\"><i class=\"fab fa-facebook-f\"><\/i><\/a><\/li>\n            <li class=\"list-inline-item\"><a href=\"https:\/\/twitter.com\/intent\/tweet?url=https:\/\/futeboltotal.tv\/index.php\/2024\/03\/23\/claudio-coutinho-a-arte-de-comandar\/&text=Claudio Coutinho &#8211; A arte de comandar\" target=\"_blank\"><i class=\"fab fa-twitter\"><\/i><\/a><\/li>\n            <li class=\"list-inline-item\"><a href=\"https:\/\/www.linkedin.com\/shareArticle?mini=true&url=https:\/\/futeboltotal.tv\/index.php\/2024\/03\/23\/claudio-coutinho-a-arte-de-comandar\/&title=Claudio Coutinho &#8211; A arte de comandar\" target=\"_blank\"><i class=\"fab fa-linkedin-in\"><\/i><\/a><\/li>\n            <li class=\"list-inline-item\"><a href=\"https:\/\/pinterest.com\/pin\/create\/button\/?url=https:\/\/futeboltotal.tv\/index.php\/2024\/03\/23\/claudio-coutinho-a-arte-de-comandar\/&media=&description=Claudio Coutinho &#8211; A arte de comandar\" target=\"_blank\"><i class=\"fab fa-pinterest\"><\/i><\/a><\/li>\n            <li class=\"list-inline-item\"><a href=\"https:\/\/t.me\/share\/url?url=https:\/\/futeboltotal.tv\/index.php\/2024\/03\/23\/claudio-coutinho-a-arte-de-comandar\/&text=Claudio Coutinho &#8211; A arte de comandar\" target=\"_blank\"><i class=\"fab fa-telegram-plane\"><\/i><\/a><\/li>\n            <li class=\"list-inline-item\"><a href=\"mailto:info@example.com?&subject=&cc=&bcc=&body=https:\/\/futeboltotal.tv\/index.php\/2024\/03\/23\/claudio-coutinho-a-arte-de-comandar\/\"><i class=\"far fa-envelope\"><\/i><\/a><\/li>\n        <\/ul>\n    <\/div>\n\n\t\t\t\t\t\t\t\t\t\t\t\t\t\t\t\t\t<div class=\"more-button float-end\">\n\t\t\t\t\t\t\t\t\t\t<a href=\"https:\/\/futeboltotal.tv\/index.php\/2024\/03\/23\/claudio-coutinho-a-arte-de-comandar\/\"><span class=\"icon-options\"><\/span><\/a>\n\t\t\t\t\t\t\t\t\t<\/div>\n\t\t\t\t\t\t\t\t\t\t\t\t\t\t\t<\/div>\n\t\t\t\t\t\t<\/div>\n\t\t\t\t\t<\/div>\n\t\t\t\t<\/div>\n\n\t\t\t\n\t\t\t<\/div>\n\n\t\t<div class=\"pagination-seperator\"><\/div><\/div>\n\t\t\n        \t\t<\/div>\n\t\t\t\t<\/div>\n\t\t\t\t\t<\/div>\n\t\t\t\t<\/div>\n\t\t\t\t<\/div>\n\t\t","protected":false},"excerpt":{"rendered":"<p>futeboltotal.tv 23 mar\u00e7o 2024 Claudio Coutinho &#8211; A arte de comandar O est\u00e1dio do Ros\u00e1rio Central, o Gigante de Arroyito, \u00e9 um verdadeiro al\u00e7ap\u00e3o; lembra muito La Bombonera, o lend\u00e1rio est\u00e1dio do Boca Juniors onde a dist\u00e2ncia entre o alambrado, o gramado e as linhas do campo s\u00e3o quase inexistentes. Naquela&hellip;<\/p>\n","protected":false},"author":2,"featured_media":0,"parent":0,"menu_order":0,"comment_status":"closed","ping_status":"closed","template":"elementor_header_footer","meta":{"footnotes":""},"_links":{"self":[{"href":"https:\/\/futeboltotal.tv\/index.php\/wp-json\/wp\/v2\/pages\/1803"}],"collection":[{"href":"https:\/\/futeboltotal.tv\/index.php\/wp-json\/wp\/v2\/pages"}],"about":[{"href":"https:\/\/futeboltotal.tv\/index.php\/wp-json\/wp\/v2\/types\/page"}],"author":[{"embeddable":true,"href":"https:\/\/futeboltotal.tv\/index.php\/wp-json\/wp\/v2\/users\/2"}],"replies":[{"embeddable":true,"href":"https:\/\/futeboltotal.tv\/index.php\/wp-json\/wp\/v2\/comments?post=1803"}],"version-history":[{"count":13,"href":"https:\/\/futeboltotal.tv\/index.php\/wp-json\/wp\/v2\/pages\/1803\/revisions"}],"predecessor-version":[{"id":1825,"href":"https:\/\/futeboltotal.tv\/index.php\/wp-json\/wp\/v2\/pages\/1803\/revisions\/1825"}],"wp:attachment":[{"href":"https:\/\/futeboltotal.tv\/index.php\/wp-json\/wp\/v2\/media?parent=1803"}],"curies":[{"name":"wp","href":"https:\/\/api.w.org\/{rel}","templated":true}]}}